{"id":28942,"date":"2024-06-16T17:44:14","date_gmt":"2024-06-16T17:44:14","guid":{"rendered":"https:\/\/prosvjeta.at\/?page_id=28942"},"modified":"2026-01-19T19:34:58","modified_gmt":"2026-01-19T19:34:58","slug":"arhiva-skola-srpskog-jezika","status":"publish","type":"page","link":"https:\/\/prosvjeta.at\/de\/arhiva-skola-srpskog-jezika\/","title":{"rendered":"\u0410\u0440\u0445\u0438\u0432\u0430-\u0428\u043a\u043e\u043b\u0430 \u0441\u0440\u043f\u0441\u043a\u043e\u0433 \u0458\u0435\u0437\u0438\u043a\u0430"},"content":{"rendered":"<div data-elementor-type=\"wp-page\" data-elementor-id=\"28942\" class=\"elementor elementor-28942\" data-elementor-settings=\"{&quot;ha_cmc_init_switcher&quot;:&quot;no&quot;}\" data-elementor-post-type=\"page\">\n\t\t\t\t\t\t<section class=\"has_eae_slider elementor-section elementor-top-section elementor-element elementor-element-3e74f4f0 elementor-section-boxed elementor-section-height-default elementor-section-height-default exad-glass-effect-no exad-sticky-section-no\" data-eae-slider=\"98705\" data-id=\"3e74f4f0\" data-element_type=\"section\">\n\t\t\t\t\t\t<div class=\"elementor-container elementor-column-gap-default\">\n\t\t\t\t\t<div class=\"has_eae_slider elementor-column elementor-col-100 elementor-top-column elementor-element elementor-element-6f08ad0 exad-glass-effect-no exad-sticky-section-no\" data-eae-slider=\"62027\" data-id=\"6f08ad0\" data-element_type=\"column\">\n\t\t\t<div class=\"elementor-widget-wrap elementor-element-populated\">\n\t\t\t\t\t\t<section class=\"has_eae_slider elementor-section elementor-inner-section elementor-element elementor-element-5f134bf0 elementor-section-boxed elementor-section-height-default elementor-section-height-default exad-glass-effect-no exad-sticky-section-no\" data-eae-slider=\"5003\" data-id=\"5f134bf0\" data-element_type=\"section\">\n\t\t\t\t\t\t<div class=\"elementor-container elementor-column-gap-default\">\n\t\t\t\t\t<div class=\"has_eae_slider elementor-column elementor-col-100 elementor-inner-column elementor-element elementor-element-7bbc7308 exad-glass-effect-no exad-sticky-section-no\" data-eae-slider=\"92144\" data-id=\"7bbc7308\" data-element_type=\"column\">\n\t\t\t<div class=\"elementor-widget-wrap elementor-element-populated\">\n\t\t\t\t\t\t<div class=\"elementor-element elementor-element-4c7d8e40 exad-sticky-section-no exad-glass-effect-no elementor-widget elementor-widget-exad-exclusive-heading\" data-id=\"4c7d8e40\" data-element_type=\"widget\" data-widget_type=\"exad-exclusive-heading.default\">\n\t\t\t\t<div class=\"elementor-widget-container\">\n\t\t\t\t\t\r\n        <div class=\"exad-exclusive-heading\">\r\n            <div class=\"exad-exclusive-heading-wrapper exad-heading-center exad-heading-simple\">\r\n\t\t\t\r\n                <h1 data-content=\"\u0411\u041b\u041e\u0413 \u041f\u0420\u041e\u0421\u0412\u0408\u0415\u0422\u0418\u041d\u0415 \u0428\u041a\u041e\u041b\u0415 \u0421\u0420\u041f\u0421\u041a\u041e\u0413 \u0408\u0415\u0417\u0418\u041a\u0410\" class=\"exad-exclusive-heading-title\">\r\n\t\t\t\t\tBLOG DER PROSVJETAS SPRACHSCHULE\t\t\t\t<\/h1>\r\n\t\r\n                \t\t\t\t\t<div class=\"exad-heading-separator\"><\/div>\r\n\t\t\t\t                    <p class=\"exad-exclusive-heading-description\">\r\n\t\t\t\t\t\tArchiv der Beitr\u00e4ge \u00fcber Ereignisse und Aktivit\u00e4ten im Rahmen der Prosvjetas Sprachschule der serbischen Sprache.                    <\/p>\r\n\t\t\t\t\r\n            <\/div>\r\n        <\/div>\r\n\t\t\t\t\t<\/div>\n\t\t\t\t<\/div>\n\t\t\t\t\t<\/div>\n\t\t<\/div>\n\t\t\t\t\t<\/div>\n\t\t<\/section>\n\t\t\t\t\t<\/div>\n\t\t<\/div>\n\t\t\t\t\t<\/div>\n\t\t<\/section>\n\t\t\t\t<section class=\"has_eae_slider elementor-section elementor-top-section elementor-element elementor-element-4aa87782 elementor-section-boxed elementor-section-height-default elementor-section-height-default exad-glass-effect-no exad-sticky-section-no\" data-eae-slider=\"74054\" data-id=\"4aa87782\" data-element_type=\"section\" data-settings=\"{&quot;background_background&quot;:&quot;classic&quot;}\">\n\t\t\t\t\t\t<div class=\"elementor-container elementor-column-gap-default\">\n\t\t\t\t\t<div class=\"has_eae_slider elementor-column elementor-col-100 elementor-top-column elementor-element elementor-element-12498f58 exad-glass-effect-no exad-sticky-section-no\" data-eae-slider=\"21601\" data-id=\"12498f58\" data-element_type=\"column\">\n\t\t\t<div class=\"elementor-widget-wrap elementor-element-populated\">\n\t\t\t\t\t\t<section class=\"has_eae_slider elementor-section elementor-inner-section elementor-element elementor-element-784a96c7 elementor-section-boxed elementor-section-height-default elementor-section-height-default exad-glass-effect-no exad-sticky-section-no\" data-eae-slider=\"18028\" data-id=\"784a96c7\" data-element_type=\"section\">\n\t\t\t\t\t\t<div class=\"elementor-container elementor-column-gap-default\">\n\t\t\t\t\t<div class=\"has_eae_slider elementor-column elementor-col-33 elementor-inner-column elementor-element elementor-element-7cd5b46c exad-glass-effect-no exad-sticky-section-no\" data-eae-slider=\"24561\" data-id=\"7cd5b46c\" data-element_type=\"column\">\n\t\t\t<div class=\"elementor-widget-wrap elementor-element-populated\">\n\t\t\t\t\t\t<div class=\"elementor-element elementor-element-544803b exad-sticky-section-no exad-glass-effect-no elementor-widget elementor-widget-exad-exclusive-card\" data-id=\"544803b\" data-element_type=\"widget\" data-widget_type=\"exad-exclusive-card.default\">\n\t\t\t\t<div class=\"elementor-widget-container\">\n\t\t\t\t\t\r\n\t\t<div class=\"exad-card left default yes\">\r\n\t\t\t\t        \t<div class=\"exad-card-thumb\">\r\n\t\t\t\t\t<img fetchpriority=\"high\" decoding=\"async\" width=\"768\" height=\"576\" src=\"https:\/\/prosvjeta.at\/wp-content\/uploads\/2025\/11\/radionica-upoznaj-selo-7-768x576.jpg\" class=\"attachment-medium_large size-medium_large wp-image-37680\" alt=\"\u0420\u0430\u0434\u0438\u043e\u043d\u0438\u0446\u0430 \u2018\u0423\u043f\u043e\u0437\u043d\u0430\u0458 \u0441\u0435\u043b\u043e\u2019 \u041d\u0435\u0432\u0435\u043d\u0435 \u0408\u043e\u0432\u0438\u0447\u0438\u045b \u0443 \u041f\u0440\u043e\u0441\u0432\u0458\u0435\u0442\u0438\u043d\u043e\u0458 \u0448\u043a\u043e\u043b\u0438 \u0443 \u0411\u0435\u0447\u0443\" srcset=\"https:\/\/prosvjeta.at\/wp-content\/uploads\/2025\/11\/radionica-upoznaj-selo-7-768x576.jpg 768w, https:\/\/prosvjeta.at\/wp-content\/uploads\/2025\/11\/radionica-upoznaj-selo-7-300x225.jpg 300w, https:\/\/prosvjeta.at\/wp-content\/uploads\/2025\/11\/radionica-upoznaj-selo-7-1024x768.jpg 1024w, https:\/\/prosvjeta.at\/wp-content\/uploads\/2025\/11\/radionica-upoznaj-selo-7-1536x1152.jpg 1536w, https:\/\/prosvjeta.at\/wp-content\/uploads\/2025\/11\/radionica-upoznaj-selo-7-16x12.jpg 16w, https:\/\/prosvjeta.at\/wp-content\/uploads\/2025\/11\/radionica-upoznaj-selo-7-1568x1176.jpg 1568w, https:\/\/prosvjeta.at\/wp-content\/uploads\/2025\/11\/radionica-upoznaj-selo-7.jpg 1600w\" sizes=\"(max-width: 768px) 100vw, 768px\" \/>\t\t\t\t<\/div>\r\n\t\t\t\t\t\t\t<div class=\"exad-card-badge\">\r\n\t\t\t\t\t2026\t\t\t\t<\/div>\r\n\t\t\t\t\r\n          \t<div class=\"exad-card-body\">\r\n\t\t\t  \t\t          \t\t<a class=\"exad-card-title\">\r\n\t            \t\t<span>Beitr\u00e4ge\t\t\t\t\t\t<\/span>\r\n\t        \t\t<\/a>\r\n\t\t\t\t\t<p class=\"exad-card-tag\">\u0438\u0437 2026. \u0433\u043e\u0434\u0438\u043d\u0435<\/p>\t\t\t\t\t<a class=\"exad-card-action\" href=\"\/de\/category\/\u0430\u0440\u0445\u0438\u0432\u0430-\u0448\u043a\u043e\u043b\u0435\/arhiva-skole-za-2026-godinu\/\">\r\n\t\t\t\t\t\t\r\n\t\t\t\t\t\t<span>\r\n\t\t\t\t\t\t\tMEHR\t\t\t\t\t\t<\/span>\r\n\r\n\t\t\t\t\t\t\t            \t<\/a>\r\n\t\t\t\t          \t<\/div>\r\n        <\/div>\r\n\t\t\t\t\t<\/div>\n\t\t\t\t<\/div>\n\t\t\t\t\t<\/div>\n\t\t<\/div>\n\t\t\t\t<div class=\"has_eae_slider elementor-column elementor-col-33 elementor-inner-column elementor-element elementor-element-fd8af52 exad-glass-effect-no exad-sticky-section-no\" data-eae-slider=\"60962\" data-id=\"fd8af52\" data-element_type=\"column\">\n\t\t\t<div class=\"elementor-widget-wrap elementor-element-populated\">\n\t\t\t\t\t\t<div class=\"elementor-element elementor-element-3a7ee31 exad-sticky-section-no exad-glass-effect-no elementor-widget elementor-widget-exad-exclusive-card\" data-id=\"3a7ee31\" data-element_type=\"widget\" data-widget_type=\"exad-exclusive-card.default\">\n\t\t\t\t<div class=\"elementor-widget-container\">\n\t\t\t\t\t\r\n\t\t<div class=\"exad-card left default yes\">\r\n\t\t\t\t        \t<div class=\"exad-card-thumb\">\r\n\t\t\t\t\t<img decoding=\"async\" width=\"768\" height=\"432\" src=\"https:\/\/prosvjeta.at\/wp-content\/uploads\/2025\/01\/Svetosavska_proslava_Tulln_2025-12-768x432.jpg\" class=\"attachment-medium_large size-medium_large wp-image-30524\" alt=\"\u041f\u0440\u043e\u0441\u043b\u0430\u0432\u0430 \u0421\u0432\u0435\u0442\u043e\u0433 \u0421\u0430\u0432\u0435 \u0443 \u0422\u0443\u043b\u043d\u0443 2025\" srcset=\"https:\/\/prosvjeta.at\/wp-content\/uploads\/2025\/01\/Svetosavska_proslava_Tulln_2025-12-768x432.jpg 768w, https:\/\/prosvjeta.at\/wp-content\/uploads\/2025\/01\/Svetosavska_proslava_Tulln_2025-12-300x169.jpg 300w, https:\/\/prosvjeta.at\/wp-content\/uploads\/2025\/01\/Svetosavska_proslava_Tulln_2025-12-1024x576.jpg 1024w, https:\/\/prosvjeta.at\/wp-content\/uploads\/2025\/01\/Svetosavska_proslava_Tulln_2025-12-1536x864.jpg 1536w, https:\/\/prosvjeta.at\/wp-content\/uploads\/2025\/01\/Svetosavska_proslava_Tulln_2025-12-18x10.jpg 18w, https:\/\/prosvjeta.at\/wp-content\/uploads\/2025\/01\/Svetosavska_proslava_Tulln_2025-12-1568x882.jpg 1568w, https:\/\/prosvjeta.at\/wp-content\/uploads\/2025\/01\/Svetosavska_proslava_Tulln_2025-12.jpg 1600w\" sizes=\"(max-width: 768px) 100vw, 768px\" \/>\t\t\t\t<\/div>\r\n\t\t\t\t\t\t\t<div class=\"exad-card-badge\">\r\n\t\t\t\t\t2025\t\t\t\t<\/div>\r\n\t\t\t\t\r\n          \t<div class=\"exad-card-body\">\r\n\t\t\t  \t\t          \t\t<a class=\"exad-card-title\">\r\n\t            \t\t<span>Beitr\u00e4ge\t\t\t\t\t\t<\/span>\r\n\t        \t\t<\/a>\r\n\t\t\t\t\t<p class=\"exad-card-tag\">aus dem Jahr 2025<\/p>\t\t\t\t\t<a class=\"exad-card-action\" href=\"\/de\/category\/\u0430\u0440\u0445\u0438\u0432\u0430-\u0448\u043a\u043e\u043b\u0435\/arhiva-skole-za-2025-godinu\/\">\r\n\t\t\t\t\t\t\r\n\t\t\t\t\t\t<span>\r\n\t\t\t\t\t\t\tMEHR\t\t\t\t\t\t<\/span>\r\n\r\n\t\t\t\t\t\t\t            \t<\/a>\r\n\t\t\t\t          \t<\/div>\r\n        <\/div>\r\n\t\t\t\t\t<\/div>\n\t\t\t\t<\/div>\n\t\t\t\t\t<\/div>\n\t\t<\/div>\n\t\t\t\t<div class=\"has_eae_slider elementor-column elementor-col-33 elementor-inner-column elementor-element elementor-element-461953c exad-glass-effect-no exad-sticky-section-no\" data-eae-slider=\"75240\" data-id=\"461953c\" data-element_type=\"column\">\n\t\t\t<div class=\"elementor-widget-wrap elementor-element-populated\">\n\t\t\t\t\t\t<div class=\"elementor-element elementor-element-5a3e340 exad-sticky-section-no exad-glass-effect-no elementor-widget elementor-widget-exad-exclusive-card\" data-id=\"5a3e340\" data-element_type=\"widget\" data-widget_type=\"exad-exclusive-card.default\">\n\t\t\t\t<div class=\"elementor-widget-container\">\n\t\t\t\t\t\r\n\t\t<div class=\"exad-card left default yes\">\r\n\t\t\t\t        \t<div class=\"exad-card-thumb\">\r\n\t\t\t\t\t<img decoding=\"async\" width=\"768\" height=\"512\" src=\"https:\/\/prosvjeta.at\/wp-content\/uploads\/2024\/06\/Prosvjetina_olimpijada2024-1-768x512.jpg\" class=\"attachment-medium_large size-medium_large wp-image-28903\" alt=\"\u0408\u043e\u0448 \u0458\u0435\u0434\u043d\u0430 \u041e\u043b\u0438\u043c\u043f\u0438\u0458\u0430\u0434\u0430 \u043f\u0440\u043e\u0441\u0432\u0458\u0435\u0442\u0438\u043d\u0438\u0445 \u043c\u0430\u043b\u0438\u0448\u0430\u043d\u0430\" srcset=\"https:\/\/prosvjeta.at\/wp-content\/uploads\/2024\/06\/Prosvjetina_olimpijada2024-1-768x512.jpg 768w, https:\/\/prosvjeta.at\/wp-content\/uploads\/2024\/06\/Prosvjetina_olimpijada2024-1-300x200.jpg 300w, https:\/\/prosvjeta.at\/wp-content\/uploads\/2024\/06\/Prosvjetina_olimpijada2024-1-1024x683.jpg 1024w, https:\/\/prosvjeta.at\/wp-content\/uploads\/2024\/06\/Prosvjetina_olimpijada2024-1-18x12.jpg 18w, https:\/\/prosvjeta.at\/wp-content\/uploads\/2024\/06\/Prosvjetina_olimpijada2024-1.jpg 1500w\" sizes=\"(max-width: 768px) 100vw, 768px\" \/>\t\t\t\t<\/div>\r\n\t\t\t\t\t\t\t<div class=\"exad-card-badge\">\r\n\t\t\t\t\t2024\t\t\t\t<\/div>\r\n\t\t\t\t\r\n          \t<div class=\"exad-card-body\">\r\n\t\t\t  \t\t          \t\t<a class=\"exad-card-title\">\r\n\t            \t\t<span>Beitr\u00e4ge\t\t\t\t\t\t<\/span>\r\n\t        \t\t<\/a>\r\n\t\t\t\t\t<p class=\"exad-card-tag\">aus dem Jahr 2024<\/p>\t\t\t\t\t<a class=\"exad-card-action\" href=\"\/de\/category\/\u0430\u0440\u0445\u0438\u0432\u0430-\u0448\u043a\u043e\u043b\u0435\/\u0430\u0440\u0445\u0438\u0432\u0430-\u0448\u043a\u043e\u043b\u0435-\u0437\u0430-2024-\u0433\u043e\u0434\u0438\u043d\u0443\/\">\r\n\t\t\t\t\t\t\r\n\t\t\t\t\t\t<span>\r\n\t\t\t\t\t\t\tMEHR\t\t\t\t\t\t<\/span>\r\n\r\n\t\t\t\t\t\t\t            \t<\/a>\r\n\t\t\t\t          \t<\/div>\r\n        <\/div>\r\n\t\t\t\t\t<\/div>\n\t\t\t\t<\/div>\n\t\t\t\t\t<\/div>\n\t\t<\/div>\n\t\t\t\t\t<\/div>\n\t\t<\/section>\n\t\t\t\t\t<\/div>\n\t\t<\/div>\n\t\t\t\t\t<\/div>\n\t\t<\/section>\n\t\t\t\t<\/div>","protected":false},"excerpt":{"rendered":"<p>\u0411\u041b\u041e\u0413 \u041f\u0420\u041e\u0421\u0412\u0408\u0415\u0422\u0418\u041d\u0415 \u0428\u041a\u041e\u041b\u0415 \u0421\u0420\u041f\u0421\u041a\u041e\u0413 \u0408\u0415\u0417\u0418\u041a\u0410 \u0410\u0440\u0445\u0438\u0432\u0430 \u043e\u0431\u0458\u0430\u0432\u0459\u0435\u043d\u0438\u0445 \u0447\u043b\u0430\u043d\u0430\u043a\u0430 \u043e \u0434\u043e\u0433\u0430\u0452\u0430\u0458\u0438\u043c\u0430 \u0438 \u0430\u043a\u0442\u0438\u0432\u043d\u043e\u0441\u0442\u0438\u043c\u0430 \u0443 \u043e\u043a\u0432\u0438\u0440\u0443 \u041f\u0440\u043e\u0441\u0432\u0458\u0435\u0442\u0438\u043d\u0435 \u0448\u043a\u043e\u043b\u0435 \u0441\u0440\u043f\u0441\u043a\u043e\u0433 \u0458\u0435\u0437\u0438\u043a\u0430. 2026 \u041e\u0431\u0458\u0430\u0432\u0435 \u0438\u0437 2026. \u0433\u043e\u0434\u0438\u043d\u0435 \u041f\u0420\u041e\u0427\u0418\u0422\u0410\u0408 \u0412\u0418\u0428\u0415 2025 \u041e\u0431\u0458\u0430\u0432\u0435 \u0438\u0437 2025. \u0433\u043e\u0434\u0438\u043d\u0435 \u041f\u0420\u041e\u0427\u0418\u0422\u0410\u0408 \u0412\u0418\u0428\u0415 2024 \u041e\u0431\u0458\u0430\u0432\u0435 \u0438\u0437 2024. \u0433\u043e\u0434\u0438\u043d\u0435 \u041f\u0420\u041e\u0427\u0418\u0422\u0410\u0408 \u0412\u0418\u0428\u0415<\/p>","protected":false},"author":2,"featured_media":0,"parent":0,"menu_order":25,"comment_status":"closed","ping_status":"closed","template":"elementor_header_footer","meta":{"_acf_changed":false,"give_campaign_id":0,"pgc_sgb_lightbox_settings":"","footnotes":""},"class_list":["post-28942","page","type-page","status-publish","hentry","entry"],"acf":[],"yoast_head":"<!-- This site is optimized with the Yoast SEO Premium plugin v22.9 (Yoast SEO v25.8) - https:\/\/yoast.com\/wordpress\/plugins\/seo\/ -->\n<title>\u0410\u0440\u0445\u0438\u0432\u0430-\u0428\u043a\u043e\u043b\u0430 \u0441\u0440\u043f\u0441\u043a\u043e\u0433 \u0458\u0435\u0437\u0438\u043a\u0430 - \u041f\u0440\u043e\u0441\u0432\u0458\u0435\u0442\u0430 \u0410\u0443\u0441\u0442\u0440\u0438\u0458\u0430<\/title>\n<meta name=\"robots\" content=\"index, follow, max-snippet:-1, max-image-preview:large, max-video-preview:-1\" \/>\n<link rel=\"canonical\" href=\"https:\/\/prosvjeta.at\/de\/arhiva-skola-srpskog-jezika\/\" \/>\n<meta property=\"og:locale\" content=\"de_DE\" \/>\n<meta property=\"og:type\" content=\"article\" \/>\n<meta property=\"og:title\" content=\"\u0410\u0440\u0445\u0438\u0432\u0430-\u0428\u043a\u043e\u043b\u0430 \u0441\u0440\u043f\u0441\u043a\u043e\u0433 \u0458\u0435\u0437\u0438\u043a\u0430 - \u041f\u0440\u043e\u0441\u0432\u0458\u0435\u0442\u0430 \u0410\u0443\u0441\u0442\u0440\u0438\u0458\u0430\" \/>\n<meta property=\"og:description\" content=\"\u0411\u041b\u041e\u0413 \u041f\u0420\u041e\u0421\u0412\u0408\u0415\u0422\u0418\u041d\u0415 \u0428\u041a\u041e\u041b\u0415 \u0421\u0420\u041f\u0421\u041a\u041e\u0413 \u0408\u0415\u0417\u0418\u041a\u0410 \u0410\u0440\u0445\u0438\u0432\u0430 \u043e\u0431\u0458\u0430\u0432\u0459\u0435\u043d\u0438\u0445 \u0447\u043b\u0430\u043d\u0430\u043a\u0430 \u043e \u0434\u043e\u0433\u0430\u0452\u0430\u0458\u0438\u043c\u0430 \u0438 \u0430\u043a\u0442\u0438\u0432\u043d\u043e\u0441\u0442\u0438\u043c\u0430 \u0443 \u043e\u043a\u0432\u0438\u0440\u0443 \u041f\u0440\u043e\u0441\u0432\u0458\u0435\u0442\u0438\u043d\u0435 \u0448\u043a\u043e\u043b\u0435 \u0441\u0440\u043f\u0441\u043a\u043e\u0433 \u0458\u0435\u0437\u0438\u043a\u0430. 2026 \u041e\u0431\u0458\u0430\u0432\u0435 \u0438\u0437 2026. \u0433\u043e\u0434\u0438\u043d\u0435 \u041f\u0420\u041e\u0427\u0418\u0422\u0410\u0408 \u0412\u0418\u0428\u0415 2025 \u041e\u0431\u0458\u0430\u0432\u0435 \u0438\u0437 2025. \u0433\u043e\u0434\u0438\u043d\u0435 \u041f\u0420\u041e\u0427\u0418\u0422\u0410\u0408 \u0412\u0418\u0428\u0415 2024 \u041e\u0431\u0458\u0430\u0432\u0435 \u0438\u0437 2024. \u0433\u043e\u0434\u0438\u043d\u0435 \u041f\u0420\u041e\u0427\u0418\u0422\u0410\u0408 \u0412\u0418\u0428\u0415\" \/>\n<meta property=\"og:url\" content=\"https:\/\/prosvjeta.at\/de\/arhiva-skola-srpskog-jezika\/\" \/>\n<meta property=\"og:site_name\" content=\"\u041f\u0440\u043e\u0441\u0432\u0458\u0435\u0442\u0430 \u0410\u0443\u0441\u0442\u0440\u0438\u0458\u0430\" \/>\n<meta property=\"article:publisher\" content=\"https:\/\/www.facebook.com\/SPKD.Prosvjeta.Austrija\" \/>\n<meta property=\"article:modified_time\" content=\"2026-01-19T19:34:58+00:00\" \/>\n<meta property=\"og:image\" content=\"https:\/\/prosvjeta.at\/wp-content\/uploads\/2025\/11\/radionica-upoznaj-selo-7-768x576.jpg\" \/>\n<meta name=\"twitter:card\" content=\"summary_large_image\" \/>\n<meta name=\"twitter:label1\" content=\"Gesch\u00e4tzte Lesezeit\" \/>\n\t<meta name=\"twitter:data1\" content=\"1 Minute\" \/>\n<script type=\"application\/ld+json\" class=\"yoast-schema-graph\">{\"@context\":\"https:\/\/schema.org\",\"@graph\":[{\"@type\":\"WebPage\",\"@id\":\"https:\/\/prosvjeta.at\/arhiva-skola-srpskog-jezika\/\",\"url\":\"https:\/\/prosvjeta.at\/arhiva-skola-srpskog-jezika\/\",\"name\":\"\u0410\u0440\u0445\u0438\u0432\u0430-\u0428\u043a\u043e\u043b\u0430 \u0441\u0440\u043f\u0441\u043a\u043e\u0433 \u0458\u0435\u0437\u0438\u043a\u0430 - \u041f\u0440\u043e\u0441\u0432\u0458\u0435\u0442\u0430 \u0410\u0443\u0441\u0442\u0440\u0438\u0458\u0430\",\"isPartOf\":{\"@id\":\"https:\/\/prosvjeta.at\/#website\"},\"primaryImageOfPage\":{\"@id\":\"https:\/\/prosvjeta.at\/arhiva-skola-srpskog-jezika\/#primaryimage\"},\"image\":{\"@id\":\"https:\/\/prosvjeta.at\/arhiva-skola-srpskog-jezika\/#primaryimage\"},\"thumbnailUrl\":\"https:\/\/prosvjeta.at\/wp-content\/uploads\/2025\/11\/radionica-upoznaj-selo-7-768x576.jpg\",\"datePublished\":\"2024-06-16T17:44:14+00:00\",\"dateModified\":\"2026-01-19T19:34:58+00:00\",\"inLanguage\":\"de-AT\",\"potentialAction\":[{\"@type\":\"ReadAction\",\"target\":[\"https:\/\/prosvjeta.at\/arhiva-skola-srpskog-jezika\/\"]}]},{\"@type\":\"ImageObject\",\"inLanguage\":\"de-AT\",\"@id\":\"https:\/\/prosvjeta.at\/arhiva-skola-srpskog-jezika\/#primaryimage\",\"url\":\"https:\/\/prosvjeta.at\/wp-content\/uploads\/2025\/11\/radionica-upoznaj-selo-7-768x576.jpg\",\"contentUrl\":\"https:\/\/prosvjeta.at\/wp-content\/uploads\/2025\/11\/radionica-upoznaj-selo-7-768x576.jpg\"},{\"@type\":\"WebSite\",\"@id\":\"https:\/\/prosvjeta.at\/#website\",\"url\":\"https:\/\/prosvjeta.at\/\",\"name\":\"\u041f\u0440\u043e\u0441\u0432\u0458\u0435\u0442\u0430 \u0410\u0443\u0441\u0442\u0440\u0438\u0458\u0430\",\"description\":\"\u0421\u0440\u043f\u0441\u043a\u043e \u041f\u0440\u043e\u0441\u0432\u0458\u0435\u0442\u043d\u043e \u0438 \u041a\u0443\u043b\u0442\u0443\u0440\u043d\u043e \u0414\u0440\u0443\u0448\u0442\u0432\u043e\",\"publisher\":{\"@id\":\"https:\/\/prosvjeta.at\/#organization\"},\"potentialAction\":[{\"@type\":\"SearchAction\",\"target\":{\"@type\":\"EntryPoint\",\"urlTemplate\":\"https:\/\/prosvjeta.at\/?s={search_term_string}\"},\"query-input\":{\"@type\":\"PropertyValueSpecification\",\"valueRequired\":true,\"valueName\":\"search_term_string\"}}],\"inLanguage\":\"de-AT\"},{\"@type\":\"Organization\",\"@id\":\"https:\/\/prosvjeta.at\/#organization\",\"name\":\"\u0421\u041f\u041a\u0414 \u041f\u0440\u043e\u0441\u0432\u0458\u0435\u0442\u0430 \u0410\u0443\u0441\u0442\u0440\u0438\u0458\u0430\",\"url\":\"https:\/\/prosvjeta.at\/\",\"logo\":{\"@type\":\"ImageObject\",\"inLanguage\":\"de-AT\",\"@id\":\"https:\/\/prosvjeta.at\/#\/schema\/logo\/image\/\",\"url\":\"https:\/\/prosvjeta.at\/wp-content\/uploads\/2021\/09\/favicon.png\",\"contentUrl\":\"https:\/\/prosvjeta.at\/wp-content\/uploads\/2021\/09\/favicon.png\",\"width\":512,\"height\":512,\"caption\":\"\u0421\u041f\u041a\u0414 \u041f\u0440\u043e\u0441\u0432\u0458\u0435\u0442\u0430 \u0410\u0443\u0441\u0442\u0440\u0438\u0458\u0430\"},\"image\":{\"@id\":\"https:\/\/prosvjeta.at\/#\/schema\/logo\/image\/\"},\"sameAs\":[\"https:\/\/www.facebook.com\/SPKD.Prosvjeta.Austrija\",\"https:\/\/www.youtube.com\/channel\/UC7nK3-X_nrsWRmXM_U_9-sg\"]}]}<\/script>\n<!-- \/ Yoast SEO Premium plugin. -->","yoast_head_json":{"title":"\u0410\u0440\u0445\u0438\u0432\u0430-\u0428\u043a\u043e\u043b\u0430 \u0441\u0440\u043f\u0441\u043a\u043e\u0433 \u0458\u0435\u0437\u0438\u043a\u0430 - \u041f\u0440\u043e\u0441\u0432\u0458\u0435\u0442\u0430 \u0410\u0443\u0441\u0442\u0440\u0438\u0458\u0430","robots":{"index":"index","follow":"follow","max-snippet":"max-snippet:-1","max-image-preview":"max-image-preview:large","max-video-preview":"max-video-preview:-1"},"canonical":"https:\/\/prosvjeta.at\/de\/arhiva-skola-srpskog-jezika\/","og_locale":"de_DE","og_type":"article","og_title":"\u0410\u0440\u0445\u0438\u0432\u0430-\u0428\u043a\u043e\u043b\u0430 \u0441\u0440\u043f\u0441\u043a\u043e\u0433 \u0458\u0435\u0437\u0438\u043a\u0430 - \u041f\u0440\u043e\u0441\u0432\u0458\u0435\u0442\u0430 \u0410\u0443\u0441\u0442\u0440\u0438\u0458\u0430","og_description":"\u0411\u041b\u041e\u0413 \u041f\u0420\u041e\u0421\u0412\u0408\u0415\u0422\u0418\u041d\u0415 \u0428\u041a\u041e\u041b\u0415 \u0421\u0420\u041f\u0421\u041a\u041e\u0413 \u0408\u0415\u0417\u0418\u041a\u0410 \u0410\u0440\u0445\u0438\u0432\u0430 \u043e\u0431\u0458\u0430\u0432\u0459\u0435\u043d\u0438\u0445 \u0447\u043b\u0430\u043d\u0430\u043a\u0430 \u043e \u0434\u043e\u0433\u0430\u0452\u0430\u0458\u0438\u043c\u0430 \u0438 \u0430\u043a\u0442\u0438\u0432\u043d\u043e\u0441\u0442\u0438\u043c\u0430 \u0443 \u043e\u043a\u0432\u0438\u0440\u0443 \u041f\u0440\u043e\u0441\u0432\u0458\u0435\u0442\u0438\u043d\u0435 \u0448\u043a\u043e\u043b\u0435 \u0441\u0440\u043f\u0441\u043a\u043e\u0433 \u0458\u0435\u0437\u0438\u043a\u0430. 2026 \u041e\u0431\u0458\u0430\u0432\u0435 \u0438\u0437 2026. \u0433\u043e\u0434\u0438\u043d\u0435 \u041f\u0420\u041e\u0427\u0418\u0422\u0410\u0408 \u0412\u0418\u0428\u0415 2025 \u041e\u0431\u0458\u0430\u0432\u0435 \u0438\u0437 2025. \u0433\u043e\u0434\u0438\u043d\u0435 \u041f\u0420\u041e\u0427\u0418\u0422\u0410\u0408 \u0412\u0418\u0428\u0415 2024 \u041e\u0431\u0458\u0430\u0432\u0435 \u0438\u0437 2024. \u0433\u043e\u0434\u0438\u043d\u0435 \u041f\u0420\u041e\u0427\u0418\u0422\u0410\u0408 \u0412\u0418\u0428\u0415","og_url":"https:\/\/prosvjeta.at\/de\/arhiva-skola-srpskog-jezika\/","og_site_name":"\u041f\u0440\u043e\u0441\u0432\u0458\u0435\u0442\u0430 \u0410\u0443\u0441\u0442\u0440\u0438\u0458\u0430","article_publisher":"https:\/\/www.facebook.com\/SPKD.Prosvjeta.Austrija","article_modified_time":"2026-01-19T19:34:58+00:00","og_image":[{"url":"https:\/\/prosvjeta.at\/wp-content\/uploads\/2025\/11\/radionica-upoznaj-selo-7-768x576.jpg","type":"","width":"","height":""}],"twitter_card":"summary_large_image","twitter_misc":{"Gesch\u00e4tzte Lesezeit":"1 Minute"},"schema":{"@context":"https:\/\/schema.org","@graph":[{"@type":"WebPage","@id":"https:\/\/prosvjeta.at\/arhiva-skola-srpskog-jezika\/","url":"https:\/\/prosvjeta.at\/arhiva-skola-srpskog-jezika\/","name":"\u0410\u0440\u0445\u0438\u0432\u0430-\u0428\u043a\u043e\u043b\u0430 \u0441\u0440\u043f\u0441\u043a\u043e\u0433 \u0458\u0435\u0437\u0438\u043a\u0430 - \u041f\u0440\u043e\u0441\u0432\u0458\u0435\u0442\u0430 \u0410\u0443\u0441\u0442\u0440\u0438\u0458\u0430","isPartOf":{"@id":"https:\/\/prosvjeta.at\/#website"},"primaryImageOfPage":{"@id":"https:\/\/prosvjeta.at\/arhiva-skola-srpskog-jezika\/#primaryimage"},"image":{"@id":"https:\/\/prosvjeta.at\/arhiva-skola-srpskog-jezika\/#primaryimage"},"thumbnailUrl":"https:\/\/prosvjeta.at\/wp-content\/uploads\/2025\/11\/radionica-upoznaj-selo-7-768x576.jpg","datePublished":"2024-06-16T17:44:14+00:00","dateModified":"2026-01-19T19:34:58+00:00","inLanguage":"de-AT","potentialAction":[{"@type":"ReadAction","target":["https:\/\/prosvjeta.at\/arhiva-skola-srpskog-jezika\/"]}]},{"@type":"ImageObject","inLanguage":"de-AT","@id":"https:\/\/prosvjeta.at\/arhiva-skola-srpskog-jezika\/#primaryimage","url":"https:\/\/prosvjeta.at\/wp-content\/uploads\/2025\/11\/radionica-upoznaj-selo-7-768x576.jpg","contentUrl":"https:\/\/prosvjeta.at\/wp-content\/uploads\/2025\/11\/radionica-upoznaj-selo-7-768x576.jpg"},{"@type":"WebSite","@id":"https:\/\/prosvjeta.at\/#website","url":"https:\/\/prosvjeta.at\/","name":"Prosvjeta \u00d6sterreich","description":"\u0421\u0440\u043f\u0441\u043a\u043e \u041f\u0440\u043e\u0441\u0432\u0458\u0435\u0442\u043d\u043e \u0438 \u041a\u0443\u043b\u0442\u0443\u0440\u043d\u043e \u0414\u0440\u0443\u0448\u0442\u0432\u043e","publisher":{"@id":"https:\/\/prosvjeta.at\/#organization"},"potentialAction":[{"@type":"SearchAction","target":{"@type":"EntryPoint","urlTemplate":"https:\/\/prosvjeta.at\/?s={search_term_string}"},"query-input":{"@type":"PropertyValueSpecification","valueRequired":true,"valueName":"search_term_string"}}],"inLanguage":"de-AT"},{"@type":"Organization","@id":"https:\/\/prosvjeta.at\/#organization","name":"SBK Prosvjeta \u00d6sterreich","url":"https:\/\/prosvjeta.at\/","logo":{"@type":"ImageObject","inLanguage":"de-AT","@id":"https:\/\/prosvjeta.at\/#\/schema\/logo\/image\/","url":"https:\/\/prosvjeta.at\/wp-content\/uploads\/2021\/09\/favicon.png","contentUrl":"https:\/\/prosvjeta.at\/wp-content\/uploads\/2021\/09\/favicon.png","width":512,"height":512,"caption":"\u0421\u041f\u041a\u0414 \u041f\u0440\u043e\u0441\u0432\u0458\u0435\u0442\u0430 \u0410\u0443\u0441\u0442\u0440\u0438\u0458\u0430"},"image":{"@id":"https:\/\/prosvjeta.at\/#\/schema\/logo\/image\/"},"sameAs":["https:\/\/www.facebook.com\/SPKD.Prosvjeta.Austrija","https:\/\/www.youtube.com\/channel\/UC7nK3-X_nrsWRmXM_U_9-sg"]}]}},"campaignId":"","_links":{"self":[{"href":"https:\/\/prosvjeta.at\/de\/wp-json\/wp\/v2\/pages\/28942","targetHints":{"allow":["GET"]}}],"collection":[{"href":"https:\/\/prosvjeta.at\/de\/wp-json\/wp\/v2\/pages"}],"about":[{"href":"https:\/\/prosvjeta.at\/de\/wp-json\/wp\/v2\/types\/page"}],"author":[{"embeddable":true,"href":"https:\/\/prosvjeta.at\/de\/wp-json\/wp\/v2\/users\/2"}],"replies":[{"embeddable":true,"href":"https:\/\/prosvjeta.at\/de\/wp-json\/wp\/v2\/comments?post=28942"}],"version-history":[{"count":5,"href":"https:\/\/prosvjeta.at\/de\/wp-json\/wp\/v2\/pages\/28942\/revisions"}],"predecessor-version":[{"id":37926,"href":"https:\/\/prosvjeta.at\/de\/wp-json\/wp\/v2\/pages\/28942\/revisions\/37926"}],"wp:attachment":[{"href":"https:\/\/prosvjeta.at\/de\/wp-json\/wp\/v2\/media?parent=28942"}],"curies":[{"name":"wp","href":"https:\/\/api.w.org\/{rel}","templated":true}]}}