{"id":27305,"date":"2023-05-28T17:23:17","date_gmt":"2023-05-28T17:23:17","guid":{"rendered":"https:\/\/prosvjeta.at\/?page_id=27305"},"modified":"2023-06-17T07:06:19","modified_gmt":"2023-06-17T07:06:19","slug":"becka-prosvjeta-kroz-vreme","status":"publish","type":"page","link":"https:\/\/prosvjeta.at\/de\/becka-prosvjeta-kroz-vreme\/","title":{"rendered":"Prosvjeta durch die Zeit"},"content":{"rendered":"<div data-elementor-type=\"wp-page\" data-elementor-id=\"27305\" class=\"elementor elementor-27305\" data-elementor-settings=\"{&quot;ha_cmc_init_switcher&quot;:&quot;no&quot;}\" data-elementor-post-type=\"page\">\n\t\t\t\t\t\t<section class=\"has_eae_slider elementor-section elementor-top-section elementor-element elementor-element-0db7539 elementor-section-boxed elementor-section-height-default elementor-section-height-default exad-glass-effect-no exad-sticky-section-no\" data-eae-slider=\"66230\" data-id=\"0db7539\" data-element_type=\"section\">\n\t\t\t\t\t\t<div class=\"elementor-container elementor-column-gap-default\">\n\t\t\t\t\t<div class=\"has_eae_slider elementor-column elementor-col-100 elementor-top-column elementor-element elementor-element-d8e5a1f exad-glass-effect-no exad-sticky-section-no\" data-eae-slider=\"76927\" data-id=\"d8e5a1f\" data-element_type=\"column\">\n\t\t\t<div class=\"elementor-widget-wrap elementor-element-populated\">\n\t\t\t\t\t\t<div class=\"elementor-element elementor-element-44dd130 exad-sticky-section-no exad-glass-effect-no elementor-widget elementor-widget-text-editor\" data-id=\"44dd130\" data-element_type=\"widget\" data-widget_type=\"text-editor.default\">\n\t\t\t\t<div class=\"elementor-widget-container\">\n\t\t\t\t\t\t\t\t\t<p>Liebe Freunde, auf dieser Seite k\u00f6nnen Sie gemeinsam mit uns durch die vergangene Zeit reisen, angefangen von der Gr\u00fcndung des Wiener Prosvjeta bis hin zum heutigen Tag. Sie k\u00f6nnen chronologisch geordnete Artikel, die wir aus zahlreichen Ereignissen ausgew\u00e4hlt haben, ansehen und vorlesen.\u00a0<\/p>\t\t\t\t\t\t\t\t<\/div>\n\t\t\t\t<\/div>\n\t\t\t\t\t<\/div>\n\t\t<\/div>\n\t\t\t\t\t<\/div>\n\t\t<\/section>\n\t\t\t\t<section class=\"has_eae_slider elementor-section elementor-top-section elementor-element elementor-element-2c8e6bb elementor-section-boxed elementor-section-height-default elementor-section-height-default exad-glass-effect-no exad-sticky-section-no\" data-eae-slider=\"56001\" data-id=\"2c8e6bb\" data-element_type=\"section\">\n\t\t\t\t\t\t<div class=\"elementor-container elementor-column-gap-default\">\n\t\t\t\t\t<div class=\"has_eae_slider elementor-column elementor-col-100 elementor-top-column elementor-element elementor-element-36e691c exad-glass-effect-no exad-sticky-section-no\" data-eae-slider=\"61992\" data-id=\"36e691c\" data-element_type=\"column\">\n\t\t\t<div class=\"elementor-widget-wrap elementor-element-populated\">\n\t\t\t\t\t\t<div class=\"elementor-element elementor-element-ce28552 exad-sticky-section-no exad-glass-effect-no elementor-widget elementor-widget-spacer\" data-id=\"ce28552\" data-element_type=\"widget\" data-widget_type=\"spacer.default\">\n\t\t\t\t<div class=\"elementor-widget-container\">\n\t\t\t\t\t\t\t<div class=\"elementor-spacer\">\n\t\t\t<div class=\"elementor-spacer-inner\"><\/div>\n\t\t<\/div>\n\t\t\t\t\t\t<\/div>\n\t\t\t\t<\/div>\n\t\t\t\t\t<\/div>\n\t\t<\/div>\n\t\t\t\t\t<\/div>\n\t\t<\/section>\n\t\t\t\t<section class=\"has_eae_slider elementor-section elementor-top-section elementor-element elementor-element-abb161a elementor-section-boxed elementor-section-height-default elementor-section-height-default exad-glass-effect-no exad-sticky-section-no\" data-eae-slider=\"62219\" data-id=\"abb161a\" data-element_type=\"section\">\n\t\t\t\t\t\t<div class=\"elementor-container elementor-column-gap-default\">\n\t\t\t\t\t<div class=\"has_eae_slider elementor-column elementor-col-100 elementor-top-column elementor-element elementor-element-911995d exad-glass-effect-no exad-sticky-section-no\" data-eae-slider=\"2603\" data-id=\"911995d\" data-element_type=\"column\">\n\t\t\t<div class=\"elementor-widget-wrap\">\n\t\t\t\t\t\t\t<\/div>\n\t\t<\/div>\n\t\t\t\t\t<\/div>\n\t\t<\/section>\n\t\t\t\t<section class=\"has_eae_slider elementor-section elementor-top-section elementor-element elementor-element-cef70d4 elementor-section-boxed elementor-section-height-default elementor-section-height-default exad-glass-effect-no exad-sticky-section-no\" data-eae-slider=\"29094\" data-id=\"cef70d4\" data-element_type=\"section\">\n\t\t\t\t\t\t<div class=\"elementor-container elementor-column-gap-default\">\n\t\t\t\t\t<div class=\"has_eae_slider elementor-column elementor-col-100 elementor-top-column elementor-element elementor-element-0cf2b85 exad-glass-effect-no exad-sticky-section-no\" data-eae-slider=\"90442\" data-id=\"0cf2b85\" data-element_type=\"column\">\n\t\t\t<div class=\"elementor-widget-wrap elementor-element-populated\">\n\t\t\t\t\t\t<div class=\"elementor-element elementor-element-e28c5ab exad-sticky-section-no exad-glass-effect-no elementor-widget elementor-widget-spacer\" data-id=\"e28c5ab\" data-element_type=\"widget\" data-widget_type=\"spacer.default\">\n\t\t\t\t<div class=\"elementor-widget-container\">\n\t\t\t\t\t\t\t<div class=\"elementor-spacer\">\n\t\t\t<div class=\"elementor-spacer-inner\"><\/div>\n\t\t<\/div>\n\t\t\t\t\t\t<\/div>\n\t\t\t\t<\/div>\n\t\t\t\t\t<\/div>\n\t\t<\/div>\n\t\t\t\t\t<\/div>\n\t\t<\/section>\n\t\t\t\t<\/div>","protected":false},"excerpt":{"rendered":"<p>\u041f\u043e\u0448\u0442\u043e\u0432\u0430\u043d\u0438 \u043f\u0440\u0438\u0458\u0430\u0442\u0435\u0459\u0438, \u043d\u0430 \u043e\u0432\u043e\u0458 \u0441\u0442\u0440\u0430\u043d\u0438\u0446\u0438 \u043c\u043e\u0436\u0435\u0442\u0435 \u0437\u0430\u0458\u0435\u0434\u043d\u043e \u0441\u0430 \u043d\u0430\u043c\u0430 \u043f\u0440\u043e\u043f\u0443\u0442\u043e\u0432\u0430\u0442\u0438 \u043a\u0440\u043e\u0437 \u043f\u0440\u0435\u0442\u0445\u043e\u0434\u043d\u0438 \u043f\u0435\u0440\u0438\u043e\u0434, \u043e\u0434 \u043e\u0441\u043d\u0438\u0432\u0430\u045a\u0430 \u0431\u0435\u0447\u043a\u043e\u0433 \u043e\u0434\u0431\u043e\u0440\u0430 \u0421\u041f\u041a\u0414 \u041f\u0440\u043e\u0441\u0432\u0458\u0435\u0442\u0430, \u043f\u0430 \u0434\u043e \u0434\u0430\u043d\u0430\u0448\u045a\u0438\u0445 \u0434\u0430\u043d\u0430 \u0438 \u043f\u043e\u0433\u043b\u0435\u0434\u0430\u0442\u0438 \u0445\u0440\u043e\u043d\u043e\u043b\u043e\u0448\u043a\u0438 \u043f\u043e\u0440\u0435\u0452\u0430\u043d\u0435 \u0447\u043b\u0430\u043d\u043a\u0435 \u043a\u043e\u0458\u0435 \u0441\u043c\u043e \u0438\u0437\u0434\u0432\u043e\u0458\u0438\u043b\u0438 \u0438\u0437\u043c\u0435\u0452\u0443 \u043c\u043d\u043e\u0433\u043e\u0431\u0440\u043e\u0458\u043d\u0438\u0445 \u0434\u043e\u0433\u0430\u0452\u0430\u0458\u0430.\u00a0 \u041d\u043e\u0432\u043e\u0433\u043e\u0434\u0438\u0448\u045a\u0438 \u043a\u043e\u043d\u0446\u0435\u0440\u0442\u0438 \u041f\u0440\u043e\u0441\u0432\u0458\u0435\u0442\u0438\u043d\u0430 \u0448\u043a\u043e\u043b\u0430 \u0441\u0440\u043f\u0441\u043a\u043e\u0433 \u0458\u0435\u0437\u0438\u043a\u0430 \u041a\u043b\u0443\u0431 \u043c\u043b\u0430\u0434\u0438\u0445 \u0443\u043c\u0435\u0442\u043d\u0438\u043a\u0430 \u0421\u0443\u0441\u0440\u0435\u0442\u0438 \u0438 \u0440\u0430\u0437\u0433\u043e\u0432\u043e\u0440\u0438 2023 16. \u0458\u0430\u043d\u0443\u0430\u0440\u0430 \u041f\u0440\u043e\u0441\u0432\u0458\u0435\u0442\u0438\u043d \u0458\u0443\u0431\u0438\u043b\u0430\u0440\u043d\u0438 \u043a\u043e\u043d\u0446\u0435\u0440\u0442 \u0443 \u0411\u0435\u0447\u0443 \u043e\u0434\u0443\u0448\u0435\u0432\u0438\u043e&#8230;<\/p>","protected":false},"author":2,"featured_media":0,"parent":0,"menu_order":0,"comment_status":"closed","ping_status":"closed","template":"elementor_theme","meta":{"_acf_changed":false,"give_campaign_id":0,"pgc_sgb_lightbox_settings":"","footnotes":""},"class_list":["post-27305","page","type-page","status-publish","hentry","entry"],"acf":[],"yoast_head":"<!-- This site is optimized with the Yoast SEO Premium plugin v22.9 (Yoast SEO v25.8) - https:\/\/yoast.com\/wordpress\/plugins\/seo\/ -->\n<title>\u0411\u0435\u0447\u043a\u0430 \u041f\u0440\u043e\u0441\u0432\u0458\u0435\u0442\u0430 \u043a\u0440\u043e\u0437 \u0432\u0440\u0435\u043c\u0435 - \u041f\u0440\u043e\u0441\u0432\u0458\u0435\u0442\u0430 \u0410\u0443\u0441\u0442\u0440\u0438\u0458\u0430<\/title>\n<meta name=\"robots\" content=\"index, follow, max-snippet:-1, max-image-preview:large, max-video-preview:-1\" \/>\n<link rel=\"canonical\" href=\"https:\/\/prosvjeta.at\/de\/becka-prosvjeta-kroz-vreme\/\" \/>\n<meta property=\"og:locale\" content=\"de_DE\" \/>\n<meta property=\"og:type\" content=\"article\" \/>\n<meta property=\"og:title\" content=\"\u0411\u0435\u0447\u043a\u0430 \u041f\u0440\u043e\u0441\u0432\u0458\u0435\u0442\u0430 \u043a\u0440\u043e\u0437 \u0432\u0440\u0435\u043c\u0435 - \u041f\u0440\u043e\u0441\u0432\u0458\u0435\u0442\u0430 \u0410\u0443\u0441\u0442\u0440\u0438\u0458\u0430\" \/>\n<meta property=\"og:description\" content=\"\u041f\u043e\u0448\u0442\u043e\u0432\u0430\u043d\u0438 \u043f\u0440\u0438\u0458\u0430\u0442\u0435\u0459\u0438, \u043d\u0430 \u043e\u0432\u043e\u0458 \u0441\u0442\u0440\u0430\u043d\u0438\u0446\u0438 \u043c\u043e\u0436\u0435\u0442\u0435 \u0437\u0430\u0458\u0435\u0434\u043d\u043e \u0441\u0430 \u043d\u0430\u043c\u0430 \u043f\u0440\u043e\u043f\u0443\u0442\u043e\u0432\u0430\u0442\u0438 \u043a\u0440\u043e\u0437 \u043f\u0440\u0435\u0442\u0445\u043e\u0434\u043d\u0438 \u043f\u0435\u0440\u0438\u043e\u0434, \u043e\u0434 \u043e\u0441\u043d\u0438\u0432\u0430\u045a\u0430 \u0431\u0435\u0447\u043a\u043e\u0433 \u043e\u0434\u0431\u043e\u0440\u0430 \u0421\u041f\u041a\u0414 \u041f\u0440\u043e\u0441\u0432\u0458\u0435\u0442\u0430, \u043f\u0430 \u0434\u043e \u0434\u0430\u043d\u0430\u0448\u045a\u0438\u0445 \u0434\u0430\u043d\u0430 \u0438 \u043f\u043e\u0433\u043b\u0435\u0434\u0430\u0442\u0438 \u0445\u0440\u043e\u043d\u043e\u043b\u043e\u0448\u043a\u0438 \u043f\u043e\u0440\u0435\u0452\u0430\u043d\u0435 \u0447\u043b\u0430\u043d\u043a\u0435 \u043a\u043e\u0458\u0435 \u0441\u043c\u043e \u0438\u0437\u0434\u0432\u043e\u0458\u0438\u043b\u0438 \u0438\u0437\u043c\u0435\u0452\u0443 \u043c\u043d\u043e\u0433\u043e\u0431\u0440\u043e\u0458\u043d\u0438\u0445 \u0434\u043e\u0433\u0430\u0452\u0430\u0458\u0430.\u00a0 \u041d\u043e\u0432\u043e\u0433\u043e\u0434\u0438\u0448\u045a\u0438 \u043a\u043e\u043d\u0446\u0435\u0440\u0442\u0438 \u041f\u0440\u043e\u0441\u0432\u0458\u0435\u0442\u0438\u043d\u0430 \u0448\u043a\u043e\u043b\u0430 \u0441\u0440\u043f\u0441\u043a\u043e\u0433 \u0458\u0435\u0437\u0438\u043a\u0430 \u041a\u043b\u0443\u0431 \u043c\u043b\u0430\u0434\u0438\u0445 \u0443\u043c\u0435\u0442\u043d\u0438\u043a\u0430 \u0421\u0443\u0441\u0440\u0435\u0442\u0438 \u0438 \u0440\u0430\u0437\u0433\u043e\u0432\u043e\u0440\u0438 2023 16. \u0458\u0430\u043d\u0443\u0430\u0440\u0430 \u041f\u0440\u043e\u0441\u0432\u0458\u0435\u0442\u0438\u043d \u0458\u0443\u0431\u0438\u043b\u0430\u0440\u043d\u0438 \u043a\u043e\u043d\u0446\u0435\u0440\u0442 \u0443 \u0411\u0435\u0447\u0443 \u043e\u0434\u0443\u0448\u0435\u0432\u0438\u043e...\" \/>\n<meta property=\"og:url\" content=\"https:\/\/prosvjeta.at\/de\/becka-prosvjeta-kroz-vreme\/\" \/>\n<meta property=\"og:site_name\" content=\"\u041f\u0440\u043e\u0441\u0432\u0458\u0435\u0442\u0430 \u0410\u0443\u0441\u0442\u0440\u0438\u0458\u0430\" \/>\n<meta property=\"article:publisher\" content=\"https:\/\/www.facebook.com\/SPKD.Prosvjeta.Austrija\" \/>\n<meta property=\"article:modified_time\" content=\"2023-06-17T07:06:19+00:00\" \/>\n<meta property=\"og:image\" content=\"https:\/\/prosvjeta.at\/wp-content\/plugins\/cool-timeline-pro\/assets\/images\/clt-compact-preloader.gif\" \/>\n<meta name=\"twitter:card\" content=\"summary_large_image\" \/>\n<meta name=\"twitter:label1\" content=\"Gesch\u00e4tzte Lesezeit\" \/>\n\t<meta name=\"twitter:data1\" content=\"68 Minuten\" \/>\n<script type=\"application\/ld+json\" class=\"yoast-schema-graph\">{\"@context\":\"https:\/\/schema.org\",\"@graph\":[{\"@type\":\"WebPage\",\"@id\":\"https:\/\/prosvjeta.at\/becka-prosvjeta-kroz-vreme\/\",\"url\":\"https:\/\/prosvjeta.at\/becka-prosvjeta-kroz-vreme\/\",\"name\":\"\u0411\u0435\u0447\u043a\u0430 \u041f\u0440\u043e\u0441\u0432\u0458\u0435\u0442\u0430 \u043a\u0440\u043e\u0437 \u0432\u0440\u0435\u043c\u0435 - \u041f\u0440\u043e\u0441\u0432\u0458\u0435\u0442\u0430 \u0410\u0443\u0441\u0442\u0440\u0438\u0458\u0430\",\"isPartOf\":{\"@id\":\"https:\/\/prosvjeta.at\/#website\"},\"primaryImageOfPage\":{\"@id\":\"https:\/\/prosvjeta.at\/becka-prosvjeta-kroz-vreme\/#primaryimage\"},\"image\":{\"@id\":\"https:\/\/prosvjeta.at\/becka-prosvjeta-kroz-vreme\/#primaryimage\"},\"thumbnailUrl\":\"https:\/\/prosvjeta.at\/wp-content\/plugins\/cool-timeline-pro\/assets\/images\/clt-compact-preloader.gif\",\"datePublished\":\"2023-05-28T17:23:17+00:00\",\"dateModified\":\"2023-06-17T07:06:19+00:00\",\"inLanguage\":\"de-AT\",\"potentialAction\":[{\"@type\":\"ReadAction\",\"target\":[\"https:\/\/prosvjeta.at\/becka-prosvjeta-kroz-vreme\/\"]}]},{\"@type\":\"ImageObject\",\"inLanguage\":\"de-AT\",\"@id\":\"https:\/\/prosvjeta.at\/becka-prosvjeta-kroz-vreme\/#primaryimage\",\"url\":\"https:\/\/prosvjeta.at\/wp-content\/plugins\/cool-timeline-pro\/assets\/images\/clt-compact-preloader.gif\",\"contentUrl\":\"https:\/\/prosvjeta.at\/wp-content\/plugins\/cool-timeline-pro\/assets\/images\/clt-compact-preloader.gif\"},{\"@type\":\"WebSite\",\"@id\":\"https:\/\/prosvjeta.at\/#website\",\"url\":\"https:\/\/prosvjeta.at\/\",\"name\":\"\u041f\u0440\u043e\u0441\u0432\u0458\u0435\u0442\u0430 \u0410\u0443\u0441\u0442\u0440\u0438\u0458\u0430\",\"description\":\"\u0421\u0440\u043f\u0441\u043a\u043e \u041f\u0440\u043e\u0441\u0432\u0458\u0435\u0442\u043d\u043e \u0438 \u041a\u0443\u043b\u0442\u0443\u0440\u043d\u043e \u0414\u0440\u0443\u0448\u0442\u0432\u043e\",\"publisher\":{\"@id\":\"https:\/\/prosvjeta.at\/#organization\"},\"potentialAction\":[{\"@type\":\"SearchAction\",\"target\":{\"@type\":\"EntryPoint\",\"urlTemplate\":\"https:\/\/prosvjeta.at\/?s={search_term_string}\"},\"query-input\":{\"@type\":\"PropertyValueSpecification\",\"valueRequired\":true,\"valueName\":\"search_term_string\"}}],\"inLanguage\":\"de-AT\"},{\"@type\":\"Organization\",\"@id\":\"https:\/\/prosvjeta.at\/#organization\",\"name\":\"\u0421\u041f\u041a\u0414 \u041f\u0440\u043e\u0441\u0432\u0458\u0435\u0442\u0430 \u0410\u0443\u0441\u0442\u0440\u0438\u0458\u0430\",\"url\":\"https:\/\/prosvjeta.at\/\",\"logo\":{\"@type\":\"ImageObject\",\"inLanguage\":\"de-AT\",\"@id\":\"https:\/\/prosvjeta.at\/#\/schema\/logo\/image\/\",\"url\":\"https:\/\/prosvjeta.at\/wp-content\/uploads\/2021\/09\/favicon.png\",\"contentUrl\":\"https:\/\/prosvjeta.at\/wp-content\/uploads\/2021\/09\/favicon.png\",\"width\":512,\"height\":512,\"caption\":\"\u0421\u041f\u041a\u0414 \u041f\u0440\u043e\u0441\u0432\u0458\u0435\u0442\u0430 \u0410\u0443\u0441\u0442\u0440\u0438\u0458\u0430\"},\"image\":{\"@id\":\"https:\/\/prosvjeta.at\/#\/schema\/logo\/image\/\"},\"sameAs\":[\"https:\/\/www.facebook.com\/SPKD.Prosvjeta.Austrija\",\"https:\/\/www.youtube.com\/channel\/UC7nK3-X_nrsWRmXM_U_9-sg\"]}]}<\/script>\n<!-- \/ Yoast SEO Premium plugin. -->","yoast_head_json":{"title":"\u0411\u0435\u0447\u043a\u0430 \u041f\u0440\u043e\u0441\u0432\u0458\u0435\u0442\u0430 \u043a\u0440\u043e\u0437 \u0432\u0440\u0435\u043c\u0435 - \u041f\u0440\u043e\u0441\u0432\u0458\u0435\u0442\u0430 \u0410\u0443\u0441\u0442\u0440\u0438\u0458\u0430","robots":{"index":"index","follow":"follow","max-snippet":"max-snippet:-1","max-image-preview":"max-image-preview:large","max-video-preview":"max-video-preview:-1"},"canonical":"https:\/\/prosvjeta.at\/de\/becka-prosvjeta-kroz-vreme\/","og_locale":"de_DE","og_type":"article","og_title":"\u0411\u0435\u0447\u043a\u0430 \u041f\u0440\u043e\u0441\u0432\u0458\u0435\u0442\u0430 \u043a\u0440\u043e\u0437 \u0432\u0440\u0435\u043c\u0435 - \u041f\u0440\u043e\u0441\u0432\u0458\u0435\u0442\u0430 \u0410\u0443\u0441\u0442\u0440\u0438\u0458\u0430","og_description":"\u041f\u043e\u0448\u0442\u043e\u0432\u0430\u043d\u0438 \u043f\u0440\u0438\u0458\u0430\u0442\u0435\u0459\u0438, \u043d\u0430 \u043e\u0432\u043e\u0458 \u0441\u0442\u0440\u0430\u043d\u0438\u0446\u0438 \u043c\u043e\u0436\u0435\u0442\u0435 \u0437\u0430\u0458\u0435\u0434\u043d\u043e \u0441\u0430 \u043d\u0430\u043c\u0430 \u043f\u0440\u043e\u043f\u0443\u0442\u043e\u0432\u0430\u0442\u0438 \u043a\u0440\u043e\u0437 \u043f\u0440\u0435\u0442\u0445\u043e\u0434\u043d\u0438 \u043f\u0435\u0440\u0438\u043e\u0434, \u043e\u0434 \u043e\u0441\u043d\u0438\u0432\u0430\u045a\u0430 \u0431\u0435\u0447\u043a\u043e\u0433 \u043e\u0434\u0431\u043e\u0440\u0430 \u0421\u041f\u041a\u0414 \u041f\u0440\u043e\u0441\u0432\u0458\u0435\u0442\u0430, \u043f\u0430 \u0434\u043e \u0434\u0430\u043d\u0430\u0448\u045a\u0438\u0445 \u0434\u0430\u043d\u0430 \u0438 \u043f\u043e\u0433\u043b\u0435\u0434\u0430\u0442\u0438 \u0445\u0440\u043e\u043d\u043e\u043b\u043e\u0448\u043a\u0438 \u043f\u043e\u0440\u0435\u0452\u0430\u043d\u0435 \u0447\u043b\u0430\u043d\u043a\u0435 \u043a\u043e\u0458\u0435 \u0441\u043c\u043e \u0438\u0437\u0434\u0432\u043e\u0458\u0438\u043b\u0438 \u0438\u0437\u043c\u0435\u0452\u0443 \u043c\u043d\u043e\u0433\u043e\u0431\u0440\u043e\u0458\u043d\u0438\u0445 \u0434\u043e\u0433\u0430\u0452\u0430\u0458\u0430.\u00a0 \u041d\u043e\u0432\u043e\u0433\u043e\u0434\u0438\u0448\u045a\u0438 \u043a\u043e\u043d\u0446\u0435\u0440\u0442\u0438 \u041f\u0440\u043e\u0441\u0432\u0458\u0435\u0442\u0438\u043d\u0430 \u0448\u043a\u043e\u043b\u0430 \u0441\u0440\u043f\u0441\u043a\u043e\u0433 \u0458\u0435\u0437\u0438\u043a\u0430 \u041a\u043b\u0443\u0431 \u043c\u043b\u0430\u0434\u0438\u0445 \u0443\u043c\u0435\u0442\u043d\u0438\u043a\u0430 \u0421\u0443\u0441\u0440\u0435\u0442\u0438 \u0438 \u0440\u0430\u0437\u0433\u043e\u0432\u043e\u0440\u0438 2023 16. \u0458\u0430\u043d\u0443\u0430\u0440\u0430 \u041f\u0440\u043e\u0441\u0432\u0458\u0435\u0442\u0438\u043d \u0458\u0443\u0431\u0438\u043b\u0430\u0440\u043d\u0438 \u043a\u043e\u043d\u0446\u0435\u0440\u0442 \u0443 \u0411\u0435\u0447\u0443 \u043e\u0434\u0443\u0448\u0435\u0432\u0438\u043e...","og_url":"https:\/\/prosvjeta.at\/de\/becka-prosvjeta-kroz-vreme\/","og_site_name":"\u041f\u0440\u043e\u0441\u0432\u0458\u0435\u0442\u0430 \u0410\u0443\u0441\u0442\u0440\u0438\u0458\u0430","article_publisher":"https:\/\/www.facebook.com\/SPKD.Prosvjeta.Austrija","article_modified_time":"2023-06-17T07:06:19+00:00","og_image":[{"url":"https:\/\/prosvjeta.at\/wp-content\/plugins\/cool-timeline-pro\/assets\/images\/clt-compact-preloader.gif","type":"","width":"","height":""}],"twitter_card":"summary_large_image","twitter_misc":{"Gesch\u00e4tzte Lesezeit":"68 Minuten"},"schema":{"@context":"https:\/\/schema.org","@graph":[{"@type":"WebPage","@id":"https:\/\/prosvjeta.at\/becka-prosvjeta-kroz-vreme\/","url":"https:\/\/prosvjeta.at\/becka-prosvjeta-kroz-vreme\/","name":"\u0411\u0435\u0447\u043a\u0430 \u041f\u0440\u043e\u0441\u0432\u0458\u0435\u0442\u0430 \u043a\u0440\u043e\u0437 \u0432\u0440\u0435\u043c\u0435 - \u041f\u0440\u043e\u0441\u0432\u0458\u0435\u0442\u0430 \u0410\u0443\u0441\u0442\u0440\u0438\u0458\u0430","isPartOf":{"@id":"https:\/\/prosvjeta.at\/#website"},"primaryImageOfPage":{"@id":"https:\/\/prosvjeta.at\/becka-prosvjeta-kroz-vreme\/#primaryimage"},"image":{"@id":"https:\/\/prosvjeta.at\/becka-prosvjeta-kroz-vreme\/#primaryimage"},"thumbnailUrl":"https:\/\/prosvjeta.at\/wp-content\/plugins\/cool-timeline-pro\/assets\/images\/clt-compact-preloader.gif","datePublished":"2023-05-28T17:23:17+00:00","dateModified":"2023-06-17T07:06:19+00:00","inLanguage":"de-AT","potentialAction":[{"@type":"ReadAction","target":["https:\/\/prosvjeta.at\/becka-prosvjeta-kroz-vreme\/"]}]},{"@type":"ImageObject","inLanguage":"de-AT","@id":"https:\/\/prosvjeta.at\/becka-prosvjeta-kroz-vreme\/#primaryimage","url":"https:\/\/prosvjeta.at\/wp-content\/plugins\/cool-timeline-pro\/assets\/images\/clt-compact-preloader.gif","contentUrl":"https:\/\/prosvjeta.at\/wp-content\/plugins\/cool-timeline-pro\/assets\/images\/clt-compact-preloader.gif"},{"@type":"WebSite","@id":"https:\/\/prosvjeta.at\/#website","url":"https:\/\/prosvjeta.at\/","name":"Prosvjeta \u00d6sterreich","description":"\u0421\u0440\u043f\u0441\u043a\u043e \u041f\u0440\u043e\u0441\u0432\u0458\u0435\u0442\u043d\u043e \u0438 \u041a\u0443\u043b\u0442\u0443\u0440\u043d\u043e \u0414\u0440\u0443\u0448\u0442\u0432\u043e","publisher":{"@id":"https:\/\/prosvjeta.at\/#organization"},"potentialAction":[{"@type":"SearchAction","target":{"@type":"EntryPoint","urlTemplate":"https:\/\/prosvjeta.at\/?s={search_term_string}"},"query-input":{"@type":"PropertyValueSpecification","valueRequired":true,"valueName":"search_term_string"}}],"inLanguage":"de-AT"},{"@type":"Organization","@id":"https:\/\/prosvjeta.at\/#organization","name":"SBK Prosvjeta \u00d6sterreich","url":"https:\/\/prosvjeta.at\/","logo":{"@type":"ImageObject","inLanguage":"de-AT","@id":"https:\/\/prosvjeta.at\/#\/schema\/logo\/image\/","url":"https:\/\/prosvjeta.at\/wp-content\/uploads\/2021\/09\/favicon.png","contentUrl":"https:\/\/prosvjeta.at\/wp-content\/uploads\/2021\/09\/favicon.png","width":512,"height":512,"caption":"\u0421\u041f\u041a\u0414 \u041f\u0440\u043e\u0441\u0432\u0458\u0435\u0442\u0430 \u0410\u0443\u0441\u0442\u0440\u0438\u0458\u0430"},"image":{"@id":"https:\/\/prosvjeta.at\/#\/schema\/logo\/image\/"},"sameAs":["https:\/\/www.facebook.com\/SPKD.Prosvjeta.Austrija","https:\/\/www.youtube.com\/channel\/UC7nK3-X_nrsWRmXM_U_9-sg"]}]}},"campaignId":"","_links":{"self":[{"href":"https:\/\/prosvjeta.at\/de\/wp-json\/wp\/v2\/pages\/27305","targetHints":{"allow":["GET"]}}],"collection":[{"href":"https:\/\/prosvjeta.at\/de\/wp-json\/wp\/v2\/pages"}],"about":[{"href":"https:\/\/prosvjeta.at\/de\/wp-json\/wp\/v2\/types\/page"}],"author":[{"embeddable":true,"href":"https:\/\/prosvjeta.at\/de\/wp-json\/wp\/v2\/users\/2"}],"replies":[{"embeddable":true,"href":"https:\/\/prosvjeta.at\/de\/wp-json\/wp\/v2\/comments?post=27305"}],"version-history":[{"count":149,"href":"https:\/\/prosvjeta.at\/de\/wp-json\/wp\/v2\/pages\/27305\/revisions"}],"predecessor-version":[{"id":27622,"href":"https:\/\/prosvjeta.at\/de\/wp-json\/wp\/v2\/pages\/27305\/revisions\/27622"}],"wp:attachment":[{"href":"https:\/\/prosvjeta.at\/de\/wp-json\/wp\/v2\/media?parent=27305"}],"curies":[{"name":"wp","href":"https:\/\/api.w.org\/{rel}","templated":true}]}}